{"id":922,"date":"2022-03-21T18:32:13","date_gmt":"2022-03-21T17:32:13","guid":{"rendered":"https:\/\/primaklima21.net\/?page_id=922"},"modified":"2023-03-17T13:46:53","modified_gmt":"2023-03-17T12:46:53","slug":"startseite","status":"publish","type":"page","link":"https:\/\/primaklima21.net\/","title":{"rendered":"Startseite"},"content":{"rendered":"\n<figure class=\"wp-block-image alignfull size-large home-cover\"><img decoding=\"async\" loading=\"lazy\" width=\"1024\" height=\"236\" src=\"https:\/\/primaklima21.net\/wp-content\/uploads\/2022\/09\/primaklima_logo-1024x236.png\" alt=\"\" class=\"wp-image-1163\" srcset=\"https:\/\/primaklima21.net\/wp-content\/uploads\/2022\/09\/primaklima_logo-1024x236.png 1024w, https:\/\/primaklima21.net\/wp-content\/uploads\/2022\/09\/primaklima_logo-300x69.png 300w, https:\/\/primaklima21.net\/wp-content\/uploads\/2022\/09\/primaklima_logo-768x177.png 768w, https:\/\/primaklima21.net\/wp-content\/uploads\/2022\/09\/primaklima_logo-1536x354.png 1536w, https:\/\/primaklima21.net\/wp-content\/uploads\/2022\/09\/primaklima_logo-2048x472.png 2048w\" sizes=\"(max-width: 1024px) 100vw, 1024px\" \/><\/figure>\n\n\n<div class=\"mec-wrap mec-skin-grid-container  \" id=\"mec_skin_959\">\r\n    \r\n        \r\n        <div class=\"mec-skin-grid-events-container\" id=\"mec_skin_events_959\">\r\n        Keine Veranstaltung gefunden!    <\/div>\r\n        \r\n        \r\n<\/div>\n\n\n\n<hr class=\"wp-block-separator has-text-color has-black-color has-css-opacity has-black-background-color has-background is-style-wide\"\/>\n\n\n\n<div style=\"height:100px\" aria-hidden=\"true\" class=\"wp-block-spacer\"><\/div>\n\n\n\n<h2 class=\"wp-block-heading\">Aktuelles<\/h2>\n\n\n<ul class=\"wp-block-latest-posts__list is-grid columns-3 has-dates wp-block-latest-posts\"><li><a class=\"wp-block-latest-posts__post-title\" href=\"https:\/\/primaklima21.net\/?p=1422\">Abschlu\u00dffazit aus den Projektaktivit\u00e4ten des zu Ende gehenden Jahres<\/a><time datetime=\"2023-11-29T19:00:00+01:00\" class=\"wp-block-latest-posts__post-date\">29. November 2023<\/time><div class=\"wp-block-latest-posts__post-excerpt\">In unseren kommunalen Aktivit\u00e4ten stellen wir die vorherrschenden Wohlstandsmodelle auf den Pr\u00fcfstand. Zusammen mit der Zivilgesellschaft konfrontieren wir die Kommunalpolitik mit neuen Leitbildern. Dem individuellen Luxus ist ein kollektiver Wohlstand, ein \u201e\u00f6ffentlicher Luxus\u201c, entgegen zu setzen, so der Befund bei unseren Veranstaltungen zu \u201eneuen Wohlstandsmodellen f\u00fcr die Transformation\u201c. F\u00fcr eine klima- und ressourcengerechte Gesellschaft spielt \u00a0\u2026 <a href=\"https:\/\/primaklima21.net\/?p=1422\" rel=\"noopener noreferrer\">Weiterlesen<\/a><\/div><\/li>\n<li><a class=\"wp-block-latest-posts__post-title\" href=\"https:\/\/primaklima21.net\/?p=1338\">Neue Wohlstandsmodelle f\u00fcr die Transformation<\/a><time datetime=\"2023-03-17T13:35:43+01:00\" class=\"wp-block-latest-posts__post-date\">17. M\u00e4rz 2023<\/time><div class=\"wp-block-latest-posts__post-excerpt\">Das Bildungs- und Vernetzungsprojekt f\u00fcr 2023 hat mit einem Quadrathlon unter verschiedenen Veranstaltungsformaten gestartet.&nbsp; Es handelt sich im Konkreten Zus\u00e4tzlich werden wieder f\u00fcnf kostenlose Workshops f\u00fcr Jugendliche und Sch\u00fcler*innen zu den Themen unserer machtkritischen Bildungsarbeit in den Bereichen Wirtschaft, Klima und Umweltkonflikte, Menschenrechte, Antirassismus, Demokratie und soziale Bewegungen angeboten, ebenso zwei Theaterworkshops.&nbsp;Weitere Infos und Anfragen \u00a0\u2026 <a href=\"https:\/\/primaklima21.net\/?p=1338\" rel=\"noopener noreferrer\">Weiterlesen<\/a><\/div><\/li>\n<li><a class=\"wp-block-latest-posts__post-title\" href=\"https:\/\/primaklima21.net\/?p=1313\">Unsere Spuren in der Welt \u2013 Die EU und ihre Handelspolitik (Veranstaltungsbericht)<\/a><time datetime=\"2023-01-16T13:03:28+01:00\" class=\"wp-block-latest-posts__post-date\">16. Januar 2023<\/time><div class=\"wp-block-latest-posts__post-excerpt\">Unsere Kleidung, Nahrungsmittel, Elektronik \u2013 diese und viele andere Alltagsprodukte werden weltweit produziert bevor sie in unseren Superm\u00e4rkten landen. Die Arbeitsbedingungen in vielen Fabriken, insbesondere jenen des Globalen S\u00fcdens, sind jedoch oft schlecht, der Lohn niedrig \u2013 die negativen Folgen f\u00fcr Klima und Umwelt hingegen hoch. Abh\u00e4ngigkeiten und Ungleichheit zwischen Nord und S\u00fcd werden zementiert \u00a0\u2026 <a href=\"https:\/\/primaklima21.net\/?p=1313\" rel=\"noopener noreferrer\">Weiterlesen<\/a><\/div><\/li>\n<\/ul>\n\n\n<hr class=\"wp-block-separator has-css-opacity is-style-wide\"\/>\n\n\n\n<div style=\"height:100px\" aria-hidden=\"true\" class=\"wp-block-spacer\"><\/div>\n\n\n\n<p>Immer wieder ist derzeit von Forderungen nach einer \u201esozial\u00f6kologischen Transformation\u201c zu h\u00f6ren. Ungleichheiten und Diskriminierungen in unserer Gesellschaft oder die Klimakrise machen ein ums andere Mal deutlich, dass wir Ver\u00e4nderungen brauchen und auch umsetzen k\u00f6nnen. Auch bei der Bundestagswahl 2021 hat die Mehrheit der Bundesb\u00fcrger*innen das \u201e<em>Weiter So\u201c<\/em> abgew\u00e4hlt.&nbsp;<\/p>\n\n\n\n<p>In diesem Projekt schauen wir, was wir im Bergischen Land \u00fcberhaupt unter diesem sperrigen Begriff \u201esozial\u00f6kologische Transformation\u201c verstehen k\u00f6nnen. Als etwa 20 Initiativen, Verb\u00e4nde und Bewegungen aus der Region organisieren wir daher zahlreiche Veranstaltungen, Vortr\u00e4ge, Diskussionsrunden oder Workshops.<\/p>\n\n\n\n<p>Wir k\u00f6nnen und m\u00f6chten nicht darauf warten, dass Politiker*innen alleine die Arbeit f\u00fcr uns machen. Diese Transformationen kommen nur in Schwung, wenn sie von einer starken Zivilgesellschaft begleitet werden. Wir setzen uns ein f\u00fcr Ver\u00e4nderungen, die nicht nur nachhaltiger mit Energie und Ressourcen umgehen, sondern auch zu mehr Gerechtigkeit f\u00fchren sollen. Daf\u00fcr brauchen wir im Bergischen Land vielf\u00e4ltige demokratische Beteiligung und auch Verfahren zur Selbstbestimmung und Mitbestimmung \u2013 im Kontakt mit Nachbar*innen, im Dorf oder Stadtteil oder auf Arbeit. Als soziale Organisationen und Bewegungen m\u00f6chten wir Strukturen sichtbar machen, zeigen, welche Beteiligungsverfahren schon existieren und diese weiterentwickeln.<\/p>\n\n\n\n<p>Wir freuen uns \u00fcber eure Teilnahme und euer Interesse bei den einzelnen Veranstaltungen. Kommt gerne vorbei.&nbsp;<\/p>\n\n\n\n<p>F\u00fcr Schulklassen, Jugendgruppen, Bildungseinrichtungen, Initiativen und Vereine gibt es au\u00dferdem die M\u00f6glichkeit, hier kostenlose Workshops zu buchen. M\u00f6gliche Themen sind Demokratie, Klimagerechtigkeit, Partizipation und Transformation.<\/p>\n\n\n\n<p>Und hier geht es\u00a0<a href=\"https:\/\/infobuero-nicaragua.org\/2023\/01\/bildungs-und-vernetzungsprojekt-demokratische-partizipation-und-sozialoekologische-transformation-startet\">zu den Ergebnissen<\/a>\u00a0des Projektes &#8222;Demokratische Partizipation und sozial\u00f6kologische Transformation&#8220; mit den Veranstaltungen in 2022.<\/p>\n","protected":false},"excerpt":{"rendered":"<p>Aktuelles Immer wieder ist derzeit von Forderungen nach einer \u201esozial\u00f6kologischen Transformation\u201c zu h\u00f6ren. Ungleichheiten und Diskriminierungen in unserer Gesellschaft oder die Klimakrise machen ein ums andere Mal deutlich, dass wir Ver\u00e4nderungen brauchen und auch umsetzen k\u00f6nnen. Auch bei der Bundestagswahl 2021 hat die Mehrheit der Bundesb\u00fcrger*innen das \u201eWeiter So\u201c abgew\u00e4hlt.&nbsp; In diesem Projekt schauen wir, \u00a0\u2026 <a href=\"https:\/\/primaklima21.net\/\" rel=\"noopener noreferrer\">Weiterlesen<\/a><\/p>\n","protected":false},"author":4,"featured_media":920,"parent":0,"menu_order":0,"comment_status":"closed","ping_status":"closed","template":"","meta":{"footnotes":""},"_links":{"self":[{"href":"https:\/\/primaklima21.net\/index.php?rest_route=\/wp\/v2\/pages\/922"}],"collection":[{"href":"https:\/\/primaklima21.net\/index.php?rest_route=\/wp\/v2\/pages"}],"about":[{"href":"https:\/\/primaklima21.net\/index.php?rest_route=\/wp\/v2\/types\/page"}],"author":[{"embeddable":true,"href":"https:\/\/primaklima21.net\/index.php?rest_route=\/wp\/v2\/users\/4"}],"replies":[{"embeddable":true,"href":"https:\/\/primaklima21.net\/index.php?rest_route=%2Fwp%2Fv2%2Fcomments&post=922"}],"version-history":[{"count":9,"href":"https:\/\/primaklima21.net\/index.php?rest_route=\/wp\/v2\/pages\/922\/revisions"}],"predecessor-version":[{"id":1346,"href":"https:\/\/primaklima21.net\/index.php?rest_route=\/wp\/v2\/pages\/922\/revisions\/1346"}],"wp:featuredmedia":[{"embeddable":true,"href":"https:\/\/primaklima21.net\/index.php?rest_route=\/wp\/v2\/media\/920"}],"wp:attachment":[{"href":"https:\/\/primaklima21.net\/index.php?rest_route=%2Fwp%2Fv2%2Fmedia&parent=922"}],"curies":[{"name":"wp","href":"https:\/\/api.w.org\/{rel}","templated":true}]}}