{"id":908,"date":"2022-03-21T18:07:11","date_gmt":"2022-03-21T17:07:11","guid":{"rendered":"https:\/\/primaklima21.net\/?page_id=908"},"modified":"2023-04-27T17:26:11","modified_gmt":"2023-04-27T15:26:11","slug":"workshops","status":"publish","type":"page","link":"https:\/\/primaklima21.net\/?page_id=908","title":{"rendered":"Workshops"},"content":{"rendered":"\n<div class=\"wp-block-columns is-layout-flex wp-container-4 wp-block-columns-is-layout-flex\">\n<div class=\"wp-block-column is-layout-flow wp-block-column-is-layout-flow\" style=\"flex-basis:66.66%\">\n<p>Wir bieten auf Anfrage individuelle Workshops f\u00fcr Schulklassen, Jugendgruppen, Bildungseinrichtungen, Initiative und Vereine zu Themen machtkritischer Bildungsarbeit an. Die Schwerpunkte liegen bei den Themen: <\/p>\n\n\n\n<p>Zus\u00e4tzlich werden f\u00fcnf kostenlose Workshops f\u00fcr Jugendliche\/Sch\u00fcler*innen bzw. Multiplikator*innen zu Themen machtkritischer Bildungsarbeit in den Bereichen <\/p>\n\n\n\n<ul>\n<li>Wirtschaft<\/li>\n\n\n\n<li>Klima und Umweltkonflikte<\/li>\n\n\n\n<li>Menschenrechte<\/li>\n\n\n\n<li>Antirassismus<\/li>\n\n\n\n<li>Transformation<\/li>\n<\/ul>\n\n\n\n<p>angeboten. Inhaltliche und methodische Basis unserer Workshops sind die mehrfach ausgezeichneten <a href=\"https:\/\/infobuero-nicaragua.org\/publikationen\/fokuscafe-lateinamerika\">Bildungsmaterialien<\/a> des Informationsb\u00fcros Nicaragua.<\/p>\n\n\n\n<div style=\"height:43px\" aria-hidden=\"true\" class=\"wp-block-spacer\"><\/div>\n\n\n\n<div class=\"wp-block-buttons is-content-justification-center is-layout-flex wp-container-1 wp-block-buttons-is-layout-flex\">\n<div class=\"wp-block-button\"><a class=\"wp-block-button__link wp-element-button\" href=\"https:\/\/primaklima21.net\/?page_id=1157\" target=\"_blank\" rel=\"noreferrer noopener\">Workshopanfrage<\/a><\/div>\n<\/div>\n<\/div>\n\n\n\n<div class=\"wp-block-column is-layout-flow wp-block-column-is-layout-flow\" style=\"flex-basis:33.33%\">\n<figure class=\"wp-block-image size-large\"><img decoding=\"async\" loading=\"lazy\" width=\"1024\" height=\"998\" src=\"https:\/\/primaklima21.net\/wp-content\/uploads\/2022\/03\/Flipchart_Herzlich-Willkommen-zum-Workshop-1024x998.jpg\" alt=\"\" class=\"wp-image-999\" srcset=\"https:\/\/primaklima21.net\/wp-content\/uploads\/2022\/03\/Flipchart_Herzlich-Willkommen-zum-Workshop-1024x998.jpg 1024w, https:\/\/primaklima21.net\/wp-content\/uploads\/2022\/03\/Flipchart_Herzlich-Willkommen-zum-Workshop-300x292.jpg 300w, https:\/\/primaklima21.net\/wp-content\/uploads\/2022\/03\/Flipchart_Herzlich-Willkommen-zum-Workshop-768x748.jpg 768w, https:\/\/primaklima21.net\/wp-content\/uploads\/2022\/03\/Flipchart_Herzlich-Willkommen-zum-Workshop-1536x1496.jpg 1536w, https:\/\/primaklima21.net\/wp-content\/uploads\/2022\/03\/Flipchart_Herzlich-Willkommen-zum-Workshop-2048x1995.jpg 2048w\" sizes=\"(max-width: 1024px) 100vw, 1024px\" \/><\/figure>\n<\/div>\n<\/div>\n\n\n\n<p>Die Workshops enthalten vielf\u00e4ltige, zielgruppengerechte \u00dcbungen und Methoden der machtkritischen Bildungsarbeit und des Globalen Lernens. Sie setzen vor allem auf Interaktion, Partizipation und aktives Handeln der Teilnehmer*innen. Dar\u00fcber hinaus erm\u00f6glichen die \u00dcbungen den Teilnehmenden einen Perspektivwechsel und eine Reflexion von gesellschaftlichen Machtverh\u00e4ltnisse und globalen Ungleichheiten. Dies tr\u00e4gt dazu bei, ein kritisches Verst\u00e4ndnis \u00fcber verschiedene globale und lokale Problemlagen, Konflikte und Entwicklungen zu schaffen. Dabei kn\u00fcpfen wir an den Interessen und Erfahrungen der Teilnehmer*innen an und stellen das Lernen an konkreten Beispielen in den Mittelpunkt. Spa\u00df, die Verbindungen zur Lebenswirklichkeit junger Menschen, Reflexion sowie die Bef\u00e4higung zum eigenen Urteilen und Handeln sind f\u00fcr unsere Bildungsarbeit zentral. Die zugrundeliegenden Methoden und Inhalte orientieren sich an den Prinzipien der Politischen Bildung sowie den Grundlagen f\u00fcr partizipative Trainingsmethoden.<\/p>\n\n\n\n<p>Die Workshops werden an die Bedarfe der Zielgruppe angepasst und sind f\u00fcr Gruppen mit unterschiedlich viel Vorwissen geeignet.  Angeleitet werden die Workshops von einem Referent*innen Tandem, welches aus freien und hauptamtlichen Mitarbeiter*innen des Infob\u00fcros besteht und f\u00fcr die Durchf\u00fchrung der Workshops geschult ist. <\/p>\n\n\n\n<p>Aktuell bieten wir die Workshops auch in digitaler Form an. Wir k\u00f6nnen im Jahr 2023 in Schulen, Einrichtungen und Gruppen in Wuppertal im Rahmen des Projekt &#8222;Demokratische Partizipation und sozial\u00f6kologische Transformation&#8220; gef\u00f6rdert durch das Programm &#8222;Demokratie Leben!&#8220; kostenlose Workshops auch f\u00fcr Multiplikator*innen anbieten. Bei Interesse freuen wir uns \u00fcber eine Kontaktaufnahme.<\/p>\n","protected":false},"excerpt":{"rendered":"<p>Wir bieten auf Anfrage individuelle Workshops f\u00fcr Schulklassen, Jugendgruppen, Bildungseinrichtungen, Initiative und Vereine zu Themen machtkritischer Bildungsarbeit an. Die Schwerpunkte liegen bei den Themen: Zus\u00e4tzlich werden f\u00fcnf kostenlose Workshops f\u00fcr Jugendliche\/Sch\u00fcler*innen bzw. Multiplikator*innen zu Themen machtkritischer Bildungsarbeit in den Bereichen angeboten. Inhaltliche und methodische Basis unserer Workshops sind die mehrfach ausgezeichneten Bildungsmaterialien des Informationsb\u00fcros Nicaragua. [&hellip;]<\/p>\n","protected":false},"author":4,"featured_media":0,"parent":0,"menu_order":0,"comment_status":"closed","ping_status":"closed","template":"","meta":{"footnotes":""},"_links":{"self":[{"href":"https:\/\/primaklima21.net\/index.php?rest_route=\/wp\/v2\/pages\/908"}],"collection":[{"href":"https:\/\/primaklima21.net\/index.php?rest_route=\/wp\/v2\/pages"}],"about":[{"href":"https:\/\/primaklima21.net\/index.php?rest_route=\/wp\/v2\/types\/page"}],"author":[{"embeddable":true,"href":"https:\/\/primaklima21.net\/index.php?rest_route=\/wp\/v2\/users\/4"}],"replies":[{"embeddable":true,"href":"https:\/\/primaklima21.net\/index.php?rest_route=%2Fwp%2Fv2%2Fcomments&post=908"}],"version-history":[{"count":9,"href":"https:\/\/primaklima21.net\/index.php?rest_route=\/wp\/v2\/pages\/908\/revisions"}],"predecessor-version":[{"id":1358,"href":"https:\/\/primaklima21.net\/index.php?rest_route=\/wp\/v2\/pages\/908\/revisions\/1358"}],"wp:attachment":[{"href":"https:\/\/primaklima21.net\/index.php?rest_route=%2Fwp%2Fv2%2Fmedia&parent=908"}],"curies":[{"name":"wp","href":"https:\/\/api.w.org\/{rel}","templated":true}]}}