{"id":1225,"date":"2022-12-03T00:02:55","date_gmt":"2022-12-02T23:02:55","guid":{"rendered":"https:\/\/primaklima21.net\/?page_id=1225"},"modified":"2022-12-03T00:17:55","modified_gmt":"2022-12-02T23:17:55","slug":"die-kooperationspartnerder-bildungsreihe","status":"publish","type":"page","link":"https:\/\/primaklima21.net\/?page_id=1225","title":{"rendered":"Die Kooperationspartner der Bildungsreihe"},"content":{"rendered":"\n<p>Die Bildungsreihe<em> \u201eWer, wenn nicht wir? Wann, wenn nicht jetzt?\u201c<\/em>\u00a0wird von mehreren Wuppertaler Organisationen, die\u00a0sich f\u00fcr mehr Klimaschutz und Nachhaltigkeit engagieren, in Kooperation mit dem <em>Falken Bildungs- und Freizeitwerk Bergisch Land e.\u00a0V.<\/em> veranstaltet.<\/p>\n\n\n\n<p>Gef\u00f6rdert wird die Bildungsreihe aus Mitteln des Ministerium f\u00fcr Kinder, Familie, Fl\u00fcchtlinge und Integration NRW und des Bundesministerium f\u00fcr Familie, Senioren, Frauen und Jugend im Rahmen des F\u00f6rderprogramms \u201eDemokratie leben!\u201c.<\/p>\n\n\n\n<p><strong>Kooperationspartner<\/strong> der Bildungsreihe (in alphabetischer Reihenfolge):<\/p>\n\n\n\n<p><a href=\"http:\/\/www.bund-kgwuppertal.de\/\">BUND Kreisgruppe Wuppertal<\/a><br><a href=\"https:\/\/www.bbeg.de\/\">Bergische B\u00fcrgerEnergiegenossenschaft (bbeg)<\/a><br><a href=\"https:\/\/www.scp-centre.org\/\">COLLABORATING CENTRE ON SUSTAINABLE CONSUMPTION AND PRODUCTION (CSCP)<\/a><br><a href=\"http:\/\/hasko03.de\/w-nord\/\">Energie zum Leben \u2013 auch in W-Nord (E-W-Nord)<\/a><br><a href=\"https:\/\/www.fbf-nrw.de\/\">Falken Bildungs- und Freizeitwerk Bergisch Land e.V.<\/a><br><a href=\"https:\/\/www.fian.de\/\">FIAN Deutschland<\/a><br><a href=\"https:\/\/www.bne.nrw.de\/gemeinsam-fuer-bne\/mitgestaltende-organisationen\/akteure-details\/news\/fsi-forum-fuer-soziale-innovation-ggmbh\/\">FSI Forum f\u00fcr soziale Innovation gGmbH<\/a><br><a href=\"https:\/\/web.ecogood.org\/de\/erw\/uber-uns\/\">Gemeinwohl\u00f6konomie Ennepe-Ruhr-Wupper (GW\u00d6-ERW)<\/a><br><a href=\"https:\/\/germanwatch.org\/\">Germanwatch<\/a><br><a href=\"https:\/\/infobuero-nicaragua.org\/\">Informationsb\u00fcro Nicaragua e.V.<\/a><br><a href=\"https:\/\/parentsforfuture.de\/de\/wuppertal\">Parents for Future<\/a><br><a href=\"https:\/\/sde21.eu\/de\/\">Projekt Solar DecathlonEurope21 \u2013 Bergische Universit\u00e4t Wuppertal<\/a><br><a href=\"https:\/\/www.wir-falken.de\/vor_ort\/gliederungen\/wuppertal.html\">SJD \u2013 Die Falken KV Bergisch Land<\/a><br><a href=\"https:\/\/www.facebook.com\/keinTTIPmitWuppertal\/\">WAT \u2013 Wuppertaler Aktionsb\u00fcndnis gegen TTIP<\/a><\/p>\n\n\n\n<div style=\"height:40px\" aria-hidden=\"true\" class=\"wp-block-spacer\"><\/div>\n\n\n\n<hr class=\"wp-block-separator aligncenter has-alpha-channel-opacity is-style-wide\"\/>\n\n\n\n<figure class=\"wp-block-image alignwide size-large\"><img decoding=\"async\" loading=\"lazy\" width=\"1024\" height=\"119\" src=\"https:\/\/primaklima21.net\/wp-content\/uploads\/2022\/12\/Kooperationspartner-1024x119.png\" alt=\"\" class=\"wp-image-1231\" srcset=\"https:\/\/primaklima21.net\/wp-content\/uploads\/2022\/12\/Kooperationspartner-1024x119.png 1024w, https:\/\/primaklima21.net\/wp-content\/uploads\/2022\/12\/Kooperationspartner-300x35.png 300w, https:\/\/primaklima21.net\/wp-content\/uploads\/2022\/12\/Kooperationspartner-768x90.png 768w, https:\/\/primaklima21.net\/wp-content\/uploads\/2022\/12\/Kooperationspartner-1536x179.png 1536w, https:\/\/primaklima21.net\/wp-content\/uploads\/2022\/12\/Kooperationspartner.png 1826w\" sizes=\"(max-width: 1024px) 100vw, 1024px\" \/><\/figure>\n\n\n\n<p class=\"has-text-align-center\">u.\u00a0a. gef\u00f6rdert durch<\/p>\n\n\n\n<div class=\"wp-block-columns is-layout-flex wp-container-4 wp-block-columns-is-layout-flex\">\n<div class=\"wp-block-column is-layout-flow wp-block-column-is-layout-flow\">\n<figure class=\"wp-block-image size-full\"><img decoding=\"async\" loading=\"lazy\" width=\"640\" height=\"322\" src=\"https:\/\/primaklima21.net\/wp-content\/uploads\/2022\/09\/BMFSFJ_Logo.svg_.png\" alt=\"\" class=\"wp-image-1142\" srcset=\"https:\/\/primaklima21.net\/wp-content\/uploads\/2022\/09\/BMFSFJ_Logo.svg_.png 640w, https:\/\/primaklima21.net\/wp-content\/uploads\/2022\/09\/BMFSFJ_Logo.svg_-300x151.png 300w\" sizes=\"(max-width: 640px) 100vw, 640px\" \/><\/figure>\n<\/div>\n\n\n\n<div class=\"wp-block-column is-layout-flow wp-block-column-is-layout-flow\">\n<figure class=\"wp-block-image size-full\"><img decoding=\"async\" loading=\"lazy\" width=\"640\" height=\"384\" src=\"https:\/\/primaklima21.net\/wp-content\/uploads\/2022\/09\/640px-Demokratie_leben_Logo.svg_.png\" alt=\"\" class=\"wp-image-1144\" srcset=\"https:\/\/primaklima21.net\/wp-content\/uploads\/2022\/09\/640px-Demokratie_leben_Logo.svg_.png 640w, https:\/\/primaklima21.net\/wp-content\/uploads\/2022\/09\/640px-Demokratie_leben_Logo.svg_-300x180.png 300w\" sizes=\"(max-width: 640px) 100vw, 640px\" \/><\/figure>\n<\/div>\n\n\n\n<div class=\"wp-block-column is-layout-flow wp-block-column-is-layout-flow\">\n<figure class=\"wp-block-image size-full\"><img decoding=\"async\" loading=\"lazy\" width=\"640\" height=\"206\" src=\"https:\/\/primaklima21.net\/wp-content\/uploads\/2022\/09\/640px-Wuppertal_Logo.svg_.png\" alt=\"Ressort Zuwanderung und Integration der Stadt Wuppertal\" class=\"wp-image-1146\" srcset=\"https:\/\/primaklima21.net\/wp-content\/uploads\/2022\/09\/640px-Wuppertal_Logo.svg_.png 640w, https:\/\/primaklima21.net\/wp-content\/uploads\/2022\/09\/640px-Wuppertal_Logo.svg_-300x97.png 300w\" sizes=\"(max-width: 640px) 100vw, 640px\" \/><\/figure>\n<\/div>\n<\/div>\n\n\n\n<p class=\"has-text-align-center\">Projektkoordination (V.i.S.d.P.): <a href=\"https:\/\/falken-bildungswerk.de\/\">Falken Bildungs- und Freizeitwerk Bergisch Land e.V., <\/a>Wilbergstra\u00dfe 8 \u2022 42107 Wuppertal, orga@primaklima21.net<\/p>\n\n\n<div class=\"wp-block-image\">\n<figure class=\"aligncenter size-large is-resized\"><img decoding=\"async\" loading=\"lazy\" src=\"https:\/\/primaklima21.net\/wp-content\/uploads\/2021\/04\/FBF-Logo-mit-Text-lang-Transparent.jpg-1024x420.png\" alt=\"\" class=\"wp-image-583\" width=\"137\" height=\"56\" srcset=\"https:\/\/primaklima21.net\/wp-content\/uploads\/2021\/04\/FBF-Logo-mit-Text-lang-Transparent.jpg-1024x420.png 1024w, https:\/\/primaklima21.net\/wp-content\/uploads\/2021\/04\/FBF-Logo-mit-Text-lang-Transparent.jpg-300x123.png 300w, https:\/\/primaklima21.net\/wp-content\/uploads\/2021\/04\/FBF-Logo-mit-Text-lang-Transparent.jpg-768x315.png 768w, https:\/\/primaklima21.net\/wp-content\/uploads\/2021\/04\/FBF-Logo-mit-Text-lang-Transparent.jpg-1536x629.png 1536w, https:\/\/primaklima21.net\/wp-content\/uploads\/2021\/04\/FBF-Logo-mit-Text-lang-Transparent.jpg-2048x839.png 2048w\" sizes=\"(max-width: 137px) 100vw, 137px\" \/><\/figure><\/div>","protected":false},"excerpt":{"rendered":"<p>Die Bildungsreihe \u201eWer, wenn nicht wir? Wann, wenn nicht jetzt?\u201c\u00a0wird von mehreren Wuppertaler Organisationen, die\u00a0sich f\u00fcr mehr Klimaschutz und Nachhaltigkeit engagieren, in Kooperation mit dem Falken Bildungs- und Freizeitwerk Bergisch Land e.\u00a0V. veranstaltet. Gef\u00f6rdert wird die Bildungsreihe aus Mitteln des Ministerium f\u00fcr Kinder, Familie, Fl\u00fcchtlinge und Integration NRW und des Bundesministerium f\u00fcr Familie, Senioren, Frauen [&hellip;]<\/p>\n","protected":false},"author":5,"featured_media":0,"parent":0,"menu_order":0,"comment_status":"closed","ping_status":"closed","template":"","meta":{"footnotes":""},"_links":{"self":[{"href":"https:\/\/primaklima21.net\/index.php?rest_route=\/wp\/v2\/pages\/1225"}],"collection":[{"href":"https:\/\/primaklima21.net\/index.php?rest_route=\/wp\/v2\/pages"}],"about":[{"href":"https:\/\/primaklima21.net\/index.php?rest_route=\/wp\/v2\/types\/page"}],"author":[{"embeddable":true,"href":"https:\/\/primaklima21.net\/index.php?rest_route=\/wp\/v2\/users\/5"}],"replies":[{"embeddable":true,"href":"https:\/\/primaklima21.net\/index.php?rest_route=%2Fwp%2Fv2%2Fcomments&post=1225"}],"version-history":[{"count":10,"href":"https:\/\/primaklima21.net\/index.php?rest_route=\/wp\/v2\/pages\/1225\/revisions"}],"predecessor-version":[{"id":1247,"href":"https:\/\/primaklima21.net\/index.php?rest_route=\/wp\/v2\/pages\/1225\/revisions\/1247"}],"wp:attachment":[{"href":"https:\/\/primaklima21.net\/index.php?rest_route=%2Fwp%2Fv2%2Fmedia&parent=1225"}],"curies":[{"name":"wp","href":"https:\/\/api.w.org\/{rel}","templated":true}]}}