{"id":1140,"date":"2022-09-19T20:43:33","date_gmt":"2022-09-19T18:43:33","guid":{"rendered":"https:\/\/primaklima21.net\/?page_id=1140"},"modified":"2022-09-19T22:00:31","modified_gmt":"2022-09-19T20:00:31","slug":"partnerinnen","status":"publish","type":"page","link":"https:\/\/primaklima21.net\/?page_id=1140","title":{"rendered":"Partner*innen"},"content":{"rendered":"\n<p>In unserem Projekt \u201eDemokratische Partizipation und sozial\u00f6kologische Transformation\u201c schauen wir, was wir im Bergischen Land unter diesem sperrigen Begriff \u201esozial\u00f6kologische Transformation\u201c verstehen k\u00f6nnen. Als etwa 20 Initiativen, Verb\u00e4nde und Bewegungen aus der Region organisieren wir daher zahlreiche Veranstaltungen, Vortr\u00e4ge, Diskussionsrunden oder Workshops. Die Projektkoordination hat das Informationsb\u00fcro Nicaragua e.V. inne. Das Projekt wird jedoch in unterschiedlicher Form von folgenden Organisationen getragen bzw. unterst\u00fctzt (in alphabetischer Reihenfolge):<\/p>\n\n\n\n<ul><li>Bergische B\u00fcrgerEnergie-Genossenschaft bbeg<\/li><li>BUND Kreisgruppe Wuppertal<\/li><li>B\u00fcndnis Zukunftsschmiede Wuppertal Nord<\/li><li>Falken Bildungs- und Freizeitwerk Bergisch Land e.V.<\/li><li>Fridays for Future<\/li><li>FSI Forum f\u00fcr soziale Innovation gGmbH&nbsp;<\/li><li>Gemeinwohl-\u00d6konomie ERW<\/li><li>Institut f\u00fcr Demokratie- und Partizipationsforschung an der Bergischen Universit\u00e4t Wuppertal&nbsp;<\/li><li>Klimanetzwerk Wuppertal<\/li><li>Kookaburra \/ KiTma e.V. \/ ADDE e.V.<\/li><li>Nachbarschaftsheim Ostersbaum e.V.<\/li><li>Parents for Future<\/li><li>Students for Future<\/li><li>Wuppertaler Aktionsb\u00fcndnis gegen TTIP und andere Freihandelsfallen<\/li><li>XR-Xtinction Rebellion<\/li><\/ul>\n\n\n\n<p>Das Projekt wird aus Mitteln des Bundesministerium f\u00fcr Familie, Senioren, Frauen und Jugend im Rahmen des F\u00f6rderprogramms \u201eDemokratie leben!\u201c und dem Ressort Zuwanderung und Integration der Stadt Wuppertal finanziert.<\/p>\n\n\n\n<div class=\"wp-block-columns is-layout-flex wp-container-4 wp-block-columns-is-layout-flex\">\n<div class=\"wp-block-column is-layout-flow wp-block-column-is-layout-flow\">\n<figure class=\"wp-block-image size-full\"><img decoding=\"async\" loading=\"lazy\" width=\"640\" height=\"322\" src=\"https:\/\/primaklima21.net\/wp-content\/uploads\/2022\/09\/BMFSFJ_Logo.svg_.png\" alt=\"Bundesministerium f\u00fcr Familie, Senioren, Frauen und Jugend\" class=\"wp-image-1142\" srcset=\"https:\/\/primaklima21.net\/wp-content\/uploads\/2022\/09\/BMFSFJ_Logo.svg_.png 640w, https:\/\/primaklima21.net\/wp-content\/uploads\/2022\/09\/BMFSFJ_Logo.svg_-300x151.png 300w\" sizes=\"(max-width: 640px) 100vw, 640px\" \/><\/figure>\n<\/div>\n\n\n\n<div class=\"wp-block-column is-layout-flow wp-block-column-is-layout-flow\">\n<figure class=\"wp-block-image size-full\"><img decoding=\"async\" loading=\"lazy\" width=\"640\" height=\"384\" src=\"https:\/\/primaklima21.net\/wp-content\/uploads\/2022\/09\/640px-Demokratie_leben_Logo.svg_.png\" alt=\"Demokratie leben!\" class=\"wp-image-1144\" srcset=\"https:\/\/primaklima21.net\/wp-content\/uploads\/2022\/09\/640px-Demokratie_leben_Logo.svg_.png 640w, https:\/\/primaklima21.net\/wp-content\/uploads\/2022\/09\/640px-Demokratie_leben_Logo.svg_-300x180.png 300w\" sizes=\"(max-width: 640px) 100vw, 640px\" \/><\/figure>\n<\/div>\n\n\n\n<div class=\"wp-block-column is-layout-flow wp-block-column-is-layout-flow\">\n<figure class=\"wp-block-image size-full\"><img decoding=\"async\" loading=\"lazy\" width=\"640\" height=\"206\" src=\"https:\/\/primaklima21.net\/wp-content\/uploads\/2022\/09\/640px-Wuppertal_Logo.svg_.png\" alt=\"Ressort Zuwanderung und Integration der Stadt Wuppertal\" class=\"wp-image-1146\" srcset=\"https:\/\/primaklima21.net\/wp-content\/uploads\/2022\/09\/640px-Wuppertal_Logo.svg_.png 640w, https:\/\/primaklima21.net\/wp-content\/uploads\/2022\/09\/640px-Wuppertal_Logo.svg_-300x97.png 300w\" sizes=\"(max-width: 640px) 100vw, 640px\" \/><\/figure>\n<\/div>\n<\/div>\n\n\n\n<p>Die Ver\u00f6ffentlichung stellt keine Meinungs\u00e4u\u00dferung des BMFSFJ oder des BAFzA dar. F\u00fcr inhaltliche Aussagen tragen die Autorinnen und Autoren die Verantwortung.<\/p>\n","protected":false},"excerpt":{"rendered":"<p>In unserem Projekt \u201eDemokratische Partizipation und sozial\u00f6kologische Transformation\u201c schauen wir, was wir im Bergischen Land unter diesem sperrigen Begriff \u201esozial\u00f6kologische Transformation\u201c verstehen k\u00f6nnen. Als etwa 20 Initiativen, Verb\u00e4nde und Bewegungen aus der Region organisieren wir daher zahlreiche Veranstaltungen, Vortr\u00e4ge, Diskussionsrunden oder Workshops. Die Projektkoordination hat das Informationsb\u00fcro Nicaragua e.V. inne. Das Projekt wird jedoch in [&hellip;]<\/p>\n","protected":false},"author":5,"featured_media":0,"parent":0,"menu_order":0,"comment_status":"closed","ping_status":"closed","template":"","meta":{"footnotes":""},"_links":{"self":[{"href":"https:\/\/primaklima21.net\/index.php?rest_route=\/wp\/v2\/pages\/1140"}],"collection":[{"href":"https:\/\/primaklima21.net\/index.php?rest_route=\/wp\/v2\/pages"}],"about":[{"href":"https:\/\/primaklima21.net\/index.php?rest_route=\/wp\/v2\/types\/page"}],"author":[{"embeddable":true,"href":"https:\/\/primaklima21.net\/index.php?rest_route=\/wp\/v2\/users\/5"}],"replies":[{"embeddable":true,"href":"https:\/\/primaklima21.net\/index.php?rest_route=%2Fwp%2Fv2%2Fcomments&post=1140"}],"version-history":[{"count":5,"href":"https:\/\/primaklima21.net\/index.php?rest_route=\/wp\/v2\/pages\/1140\/revisions"}],"predecessor-version":[{"id":1167,"href":"https:\/\/primaklima21.net\/index.php?rest_route=\/wp\/v2\/pages\/1140\/revisions\/1167"}],"wp:attachment":[{"href":"https:\/\/primaklima21.net\/index.php?rest_route=%2Fwp%2Fv2%2Fmedia&parent=1140"}],"curies":[{"name":"wp","href":"https:\/\/api.w.org\/{rel}","templated":true}]}}